{"id":315,"date":"2018-08-07T09:06:36","date_gmt":"2018-08-07T09:06:36","guid":{"rendered":"http:\/\/localhost\/autoser\/?page_id=315"},"modified":"2021-04-16T14:41:39","modified_gmt":"2021-04-16T17:41:39","slug":"home-1","status":"publish","type":"page","link":"https:\/\/www.realpaulista.com.br\/","title":{"rendered":"Home 1"},"content":{"rendered":"<p>[vc_row fullwidth=&#8221;yes&#8221;][vc_column][rev_slider_vc alias=&#8221;home-1&#8243;][\/vc_column][\/vc_row][vc_row css=&#8221;.vc_custom_1533030238332{padding-top: 55px !important;padding-bottom: 60px !important;background-color: #f7f7f7 !important;}&#8221;][vc_column width=&#8221;1\/2&#8243; offset=&#8221;vc_col-md-3&#8243;]\n    <div class=\"wprt-counter icon-top style-1 text-center \">\n        <div class=\"inner\">\n            <div class=\"icon-wrap\">\n                <div class=\"icon\"><i class=\"as-icon-mechanic\"><\/i><\/div>\n            <\/div>\n\n            <div class=\"text-wrap\">\n                <div class=\"number-wrap font-heading\">\n                    <span class=\"prefix\"><\/span><span class=\"number accent\" data-speed=\"3000\" data-to=\"200\" data-inviewport=\"yes\">200<\/span><span class=\"suffix\">+<\/span>\n                <\/div>\n\n                <div class=\"sep\"><\/div>\n                <h3 class=\"heading\">FORNECEDORES NO BRASIL<\/h3>\n            <\/div>\n        <\/div>\n    <\/div>\n        \n[vc_column_text]<\/p>\n<div class=\"wprt-spacer clearfix\" style=\"height: 0px;\" data-desktop=\"0\" data-mobi=\"35\" data-smobi=\"35\"><\/div>\n<p>[\/vc_column_text][\/vc_column][vc_column width=&#8221;1\/2&#8243; offset=&#8221;vc_col-md-3&#8243;]\n    <div class=\"wprt-counter icon-top style-1 text-center \">\n        <div class=\"inner\">\n            <div class=\"icon-wrap\">\n                <div class=\"icon\"><i class=\"as-icon-car-parts-24\"><\/i><\/div>\n            <\/div>\n\n            <div class=\"text-wrap\">\n                <div class=\"number-wrap font-heading\">\n                    <span class=\"prefix\"><\/span><span class=\"number accent\" data-speed=\"3000\" data-to=\"30000\" data-inviewport=\"yes\">30000<\/span><span class=\"suffix\">+<\/span>\n                <\/div>\n\n                <div class=\"sep\"><\/div>\n                <h3 class=\"heading\">PRODUTOS<\/h3>\n            <\/div>\n        <\/div>\n    <\/div>\n        \n[vc_column_text]<\/p>\n<div class=\"wprt-spacer clearfix\" style=\"height: 0px;\" data-desktop=\"0\" data-mobi=\"35\" data-smobi=\"35\"><\/div>\n<p>[\/vc_column_text][\/vc_column][vc_column width=&#8221;1\/2&#8243; offset=&#8221;vc_col-md-3&#8243;]\n    <div class=\"wprt-counter icon-top style-1 text-center \">\n        <div class=\"inner\">\n            <div class=\"icon-wrap\">\n                <div class=\"icon\"><i class=\"as-icon-inspection\"><\/i><\/div>\n            <\/div>\n\n            <div class=\"text-wrap\">\n                <div class=\"number-wrap font-heading\">\n                    <span class=\"prefix\"><\/span><span class=\"number accent\" data-speed=\"3000\" data-to=\"9580\" data-inviewport=\"yes\">9580<\/span><span class=\"suffix\">+<\/span>\n                <\/div>\n\n                <div class=\"sep\"><\/div>\n                <h3 class=\"heading\">VENDAS<\/h3>\n            <\/div>\n        <\/div>\n    <\/div>\n        \n[vc_column_text]<\/p>\n<div class=\"wprt-spacer clearfix\" style=\"height: 0px;\" data-desktop=\"0\" data-mobi=\"0\" data-smobi=\"35\"><\/div>\n<p>[\/vc_column_text][\/vc_column][vc_column width=&#8221;1\/2&#8243; offset=&#8221;vc_col-md-3&#8243;]\n    <div class=\"wprt-counter icon-top style-1 text-center \">\n        <div class=\"inner\">\n            <div class=\"icon-wrap\">\n                <div class=\"icon\"><i class=\"as-icon-radiator-1\"><\/i><\/div>\n            <\/div>\n\n            <div class=\"text-wrap\">\n                <div class=\"number-wrap font-heading\">\n                    <span class=\"prefix\"><\/span><span class=\"number accent\" data-speed=\"3000\" data-to=\"37\" data-inviewport=\"yes\">37<\/span><span class=\"suffix\">+<\/span>\n                <\/div>\n\n                <div class=\"sep\"><\/div>\n                <h3 class=\"heading\">ANOS MERCADO<\/h3>\n            <\/div>\n        <\/div>\n    <\/div>\n        \n[\/vc_column][\/vc_row][vc_row fullwidth=&#8221;yes&#8221; css=&#8221;.vc_custom_1604498617694{padding-top: 0px !important;padding-bottom: 0px !important;}&#8221;][vc_column][vc_media_grid element_width=&#8221;3&#8243; item=&#8221;mediaGrid_SlideInTitle&#8221; grid_id=&#8221;vc_gid:1618594881316-ee14c750-d6c0-8&#8243; include=&#8221;809,811,812,813,814,815,816,835&#8243;][\/vc_column][\/vc_row][vc_row css=&#8221;.vc_custom_1604496416886{background-image: url(https:\/\/www.realpaulista.com.br\/wp-content\/uploads\/2020\/11\/slide-24.png?id=797) !important;background-position: center !important;background-repeat: no-repeat !important;background-size: cover !important;}&#8221;][vc_column offset=&#8221;vc_col-md-offset-2 vc_col-md-9&#8243;][vc_column_text]<\/p>\n<div class=\"wprt-spacer clearfix\" data-desktop=\"120\" data-mobi=\"60\" data-smobi=\"60\"><\/div>\n<p>[\/vc_column_text][vc_row_inner el_class=&#8221;mobile-center&#8221;][vc_column_inner width=&#8221;1\/4&#8243;][vc_single_image image=&#8221;796&#8243; img_size=&#8221;full&#8221; alignment=&#8221;center&#8221; css=&#8221;.vc_custom_1604496217345{padding-bottom: 20px !important;}&#8221;][\/vc_column_inner][vc_column_inner width=&#8221;3\/4&#8243; css=&#8221;.vc_custom_1533787918514{padding-left: 30px !important;}&#8221;][vc_custom_heading text=&#8221;<strong>EXCEL\u00caNCIA EM ATENDIMENTO<\/strong>&#8221; font_container=&#8221;tag:h3|font_size:45px|text_align:left|color:%23ffffff&#8221; use_theme_fonts=&#8221;yes&#8221; css=&#8221;.vc_custom_1604496040223{margin-bottom: 8px !important;}&#8221;][vc_column_text]<span style=\"color: #ffffff; font-size: 15px;\">Empresa l\u00edder no segmento oferecendo uma linha completa de pe\u00e7as para carrocerias de \u00f4nibus, visando oferecer vantagens diferenciadas aos clientes, com efici\u00eancia e efic\u00e1cia na entrega, atrav\u00e9s de uma equipe altamente qualificada e treinada.<\/span><\/p>\n<div class=\"elm-btn\" style=\"padding-top: 10px;\"><a class=\"wprt-button small outline white\" href=\"https:\/\/www.realpaulista.com.br\/?page_id=916\">BAIXE NOSSO CAT\u00c1LOGO<\/a><\/div>\n<p>[\/vc_column_text][\/vc_column_inner][\/vc_row_inner][vc_column_text]<\/p>\n<div class=\"wprt-spacer clearfix\" data-desktop=\"120\" data-mobi=\"60\" data-smobi=\"60\"><\/div>\n<p>[\/vc_column_text][\/vc_column][\/vc_row][vc_row][vc_column][vc_column_text]<\/p>\n<div class=\"wprt-spacer clearfix\" data-desktop=\"100\" data-mobi=\"60\" data-smobi=\"60\"><\/div>\n<p>[\/vc_column_text][\/vc_column][vc_column offset=&#8221;vc_col-md-6&#8243;][vc_single_image image=&#8221;821&#8243; img_size=&#8221;full&#8221; style=&#8221;vc_box_rounded&#8221;][vc_column_text]<\/p>\n<div class=\"wprt-spacer clearfix\" data-desktop=\"0\" data-mobi=\"35\" data-smobi=\"35\"><\/div>\n<p>[\/vc_column_text][\/vc_column][vc_column offset=&#8221;vc_col-md-6&#8243;]\n    <div class=\"wprt-headings style-1 clearfix text-left \">\n        <h2 class=\"heading \" >GARANTIA DE QUALIDADE<\/h2>\n                    <div class=\"sep clearfix\"><\/div>\n        \n                    <div class=\"sub-heading clearfix\"><p>A Real Paulista est\u00e1 desde 1983 no mercado atuando com grande relev\u00e2ncia no segmento de pe\u00e7as para todas as marcas e modelos de carrocerias de \u00f4nibus.<\/p>\n<p>Nosso objetivo \u00e9 atender, com excel\u00eancia, a um dos mercados mais exigentes do pa\u00eds, investindo e aperfei\u00e7oando, constantemente, nossos setores de tecnologia, log\u00edstica e treinamento de nossa equipe.<\/p>\n<\/div>\n            <\/div>\n        \n[vc_empty_space height=&#8221;20px&#8221;]\n    <div class=\"text-left button-wrap\">\n        <a class=\"wprt-button medium accent solid \" href=\"https:\/\/www.realpaulista.com.br\/?page_id=68\" style=\"\">\n            <span>FA\u00c7A UM OR\u00c7AMENTO<\/span>\n        <\/a>\n    <\/div>\n        \n[\/vc_column][vc_column][vc_column_text]<\/p>\n<div class=\"wprt-spacer clearfix\" data-desktop=\"100\" data-mobi=\"60\" data-smobi=\"60\"><\/div>\n<p>[\/vc_column_text][\/vc_column][\/vc_row][vc_row][vc_column][vc_column_text]<\/p>\n<div class=\"wprt-spacer clearfix\" data-desktop=\"60\" data-mobi=\"30\" data-smobi=\"30\"><\/div>\n<p>[\/vc_column_text]\n        <div class=\"wprt-partner style-1 \" data-auto=\"true\" data-loop=\"true\" data-column=\"5\" data-column2=\"3\" data-column3=\"2\" data-gap=\"20\">\n        <div class=\"owl-carousel owl-theme\">\n                        <div class=\"partner-item text-center clearfix\">\n                <div class=\"inner\">\n                                            <div class=\"thumb\">\n                            <img src=\"https:\/\/www.realpaulista.com.br\/wp-content\/uploads\/2020\/11\/neobus_logo_1990.png\" alt=\"\">\n                        <\/div>\n                                    <\/div>\n            <\/div>\n                        <div class=\"partner-item text-center clearfix\">\n                <div class=\"inner\">\n                                            <div class=\"thumb\">\n                            <img src=\"https:\/\/www.realpaulista.com.br\/wp-content\/uploads\/2020\/11\/Busscar_logo_1990.png\" alt=\"\">\n                        <\/div>\n                                    <\/div>\n            <\/div>\n                        <div class=\"partner-item text-center clearfix\">\n                <div class=\"inner\">\n                                            <div class=\"thumb\">\n                            <img src=\"https:\/\/www.realpaulista.com.br\/wp-content\/uploads\/2020\/11\/caio_logo_1990.png\" alt=\"\">\n                        <\/div>\n                                    <\/div>\n            <\/div>\n                        <div class=\"partner-item text-center clearfix\">\n                <div class=\"inner\">\n                                            <div class=\"thumb\">\n                            <img src=\"https:\/\/www.realpaulista.com.br\/wp-content\/uploads\/2020\/11\/comil_logo_1990.png\" alt=\"\">\n                        <\/div>\n                                    <\/div>\n            <\/div>\n                        <div class=\"partner-item text-center clearfix\">\n                <div class=\"inner\">\n                                            <div class=\"thumb\">\n                            <img src=\"https:\/\/www.realpaulista.com.br\/wp-content\/uploads\/2020\/11\/marcopolo_logo_1990.png\" alt=\"\">\n                        <\/div>\n                                    <\/div>\n            <\/div>\n                        <div class=\"partner-item text-center clearfix\">\n                <div class=\"inner\">\n                                            <div class=\"thumb\">\n                            <img src=\"https:\/\/www.realpaulista.com.br\/wp-content\/uploads\/2020\/11\/mascarello_logo_1990.png\" alt=\"\">\n                        <\/div>\n                                    <\/div>\n            <\/div>\n                    <\/div>\n    <\/div>\n    \n[vc_column_text]<\/p>\n<div class=\"wprt-spacer clearfix\" data-desktop=\"60\" data-mobi=\"30\" data-smobi=\"30\"><\/div>\n<p>[\/vc_column_text][\/vc_column][\/vc_row][vc_row el_class=&#8221;bg-accent&#8221;][vc_column]\n    <div class=\"wprt-action-box style-1 has-icon \">\n        <div class=\"inner\">\n            <div class=\"heading-wrap\">\n                <div class=\"text-wrap\">\n                    <h3 class=\"heading\">Acesse todos os nossos produtos de forma f\u00e1cil e r\u00e1pida!<\/h3>\n                    <span class=\"icon\"><i class=\"far fa-file-pdf\"><\/i><\/span> \n                <\/div>\n            <\/div>\n            <div class=\"button-wrap\">\n                <a class=\"wprt-button white rounded-3px\" href=\"https:\/\/www.realpaulista.com.br\/?page_id=916\" target=\"_self\">BAIXE O CAT\u00c1LOGO<\/a>            <\/div>\n        <\/div>\n    <\/div>\n\n[\/vc_column][\/vc_row]<\/p>\n","protected":false},"excerpt":{"rendered":"<p>[vc_row fullwidth=&#8221;yes&#8221;][vc_column][rev_slider_vc alias=&#8221;home-1&#8243;][\/vc_column][\/vc_row][vc_row css=&#8221;.vc_custom_1533030238332{padding-top: 55px !important;padding-bottom: 60px !important;background-color: #f7f7f7 !important;}&#8221;][vc_column width=&#8221;1\/2&#8243; offset=&#8221;vc_col-md-3&#8243;][vc_column_text] [\/vc_column_text][\/vc_column][vc_column width=&#8221;1\/2&#8243; offset=&#8221;vc_col-md-3&#8243;][vc_column_text] [\/vc_column_text][\/vc_column][vc_column width=&#8221;1\/2&#8243; offset=&#8221;vc_col-md-3&#8243;][vc_column_text] [\/vc_column_text][\/vc_column][vc_column width=&#8221;1\/2&#8243; offset=&#8221;vc_col-md-3&#8243;][\/vc_column][\/vc_row][vc_row fullwidth=&#8221;yes&#8221; css=&#8221;.vc_custom_1604498617694{padding-top: 0px !important;padding-bottom: 0px !important;}&#8221;][vc_column][vc_media_grid element_width=&#8221;3&#8243; item=&#8221;mediaGrid_SlideInTitle&#8221; grid_id=&#8221;vc_gid:1618594881316-ee14c750-d6c0-8&#8243; include=&#8221;809,811,812,813,814,815,816,835&#8243;][\/vc_column][\/vc_row][vc_row css=&#8221;.vc_custom_1604496416886{background-image: url(https:\/\/www.realpaulista.com.br\/wp-content\/uploads\/2020\/11\/slide-24.png?id=797) !important;background-position: center !important;background-repeat: no-repeat !important;background-size: cover !important;}&#8221;][vc_column offset=&#8221;vc_col-md-offset-2 vc_col-md-9&#8243;][vc_column_text] [\/vc_column_text][vc_row_inner el_class=&#8221;mobile-center&#8221;][vc_column_inner width=&#8221;1\/4&#8243;][vc_single_image image=&#8221;796&#8243; img_size=&#8221;full&#8221; alignment=&#8221;center&#8221; css=&#8221;.vc_custom_1604496217345{padding-bottom: 20px !important;}&#8221;][\/vc_column_inner][vc_column_inner width=&#8221;3\/4&#8243; css=&#8221;.vc_custom_1533787918514{padding-left: 30px !important;}&#8221;][vc_custom_heading [&hellip;]<\/p>\n","protected":false},"author":1,"featured_media":0,"parent":0,"menu_order":0,"comment_status":"closed","ping_status":"closed","template":"page-templates\/template-canvas.php","meta":[],"_links":{"self":[{"href":"https:\/\/www.realpaulista.com.br\/index.php?rest_route=\/wp\/v2\/pages\/315"}],"collection":[{"href":"https:\/\/www.realpaulista.com.br\/index.php?rest_route=\/wp\/v2\/pages"}],"about":[{"href":"https:\/\/www.realpaulista.com.br\/index.php?rest_route=\/wp\/v2\/types\/page"}],"author":[{"embeddable":true,"href":"https:\/\/www.realpaulista.com.br\/index.php?rest_route=\/wp\/v2\/users\/1"}],"replies":[{"embeddable":true,"href":"https:\/\/www.realpaulista.com.br\/index.php?rest_route=%2Fwp%2Fv2%2Fcomments&post=315"}],"version-history":[{"count":17,"href":"https:\/\/www.realpaulista.com.br\/index.php?rest_route=\/wp\/v2\/pages\/315\/revisions"}],"predecessor-version":[{"id":1062,"href":"https:\/\/www.realpaulista.com.br\/index.php?rest_route=\/wp\/v2\/pages\/315\/revisions\/1062"}],"wp:attachment":[{"href":"https:\/\/www.realpaulista.com.br\/index.php?rest_route=%2Fwp%2Fv2%2Fmedia&parent=315"}],"curies":[{"name":"wp","href":"https:\/\/api.w.org\/{rel}","templated":true}]}}