{"id":1246,"date":"2022-02-07T14:08:00","date_gmt":"2022-02-07T17:08:00","guid":{"rendered":"https:\/\/www.realpaulista.com.br\/?page_id=1246"},"modified":"2022-02-07T14:28:32","modified_gmt":"2022-02-07T17:28:32","slug":"politica-de-privacidade","status":"publish","type":"page","link":"https:\/\/www.realpaulista.com.br\/?page_id=1246","title":{"rendered":"POL\u00cdTICA DE PRIVACIDADE"},"content":{"rendered":"<p>[vc_row css=&#8221;.vc_custom_1644254777330{margin-bottom: 100px !important;}&#8221;][vc_column][vc_column_text]<\/p>\n<div class=\"elementor-element elementor-element-12b10e8 elementor-widget elementor-widget-text-editor\" data-id=\"12b10e8\" data-element_type=\"widget\" data-widget_type=\"text-editor.default\">\n<div class=\"elementor-widget-container\">\n<div class=\"elementor-text-editor elementor-clearfix\">\n<h1 class=\"elementor-heading-title elementor-size-default\">Pol\u00edtica de Privacidade <strong>Real Paulista<\/strong><\/h1>\n<p>A Real Paulista tem o compromisso com a privacidade e a seguran\u00e7a de seus clientes, colaboradores e terceiros interessados durante todo o processo de navega\u00e7\u00e3o.<\/p>\n<p>Foi desenvolvida, portanto, a presente Pol\u00edtica de Privacidade com base na Lei Geral de Prote\u00e7\u00e3o de Dados (LGPD), a fim de comunicar de forma transparente aos clientes, colaboradores, parceiros de neg\u00f3cios, intermedi\u00e1rios e terceiros, titular de dados pessoais, as regras gerais de: coleta, uso, armazenamento, tratamento, prote\u00e7\u00e3o, compartilhamento e exclus\u00e3o de dados.<\/p>\n<p>Os dados cadastrais dos clientes n\u00e3o s\u00e3o divulgados para terceiros, exceto quando necess\u00e1rio para o processo de entrega, cobran\u00e7a ou participa\u00e7\u00e3o em promo\u00e7\u00f5es solicitadas pelos pr\u00f3prios usu\u00e1rios ou para o cumprimento de obriga\u00e7\u00e3o legal ou contratual.<\/p>\n<p>&nbsp;<\/p>\n<\/div>\n<\/div>\n<\/div>\n<div class=\"elementor-element elementor-element-3ebea23 elementor-widget elementor-widget-heading\" data-id=\"3ebea23\" data-element_type=\"widget\" data-widget_type=\"heading.default\">\n<div class=\"elementor-widget-container\">\n<h2 class=\"elementor-heading-title elementor-size-default\">1) Dados Pessoais Coletados<\/h2>\n<\/div>\n<\/div>\n<div class=\"elementor-element elementor-element-6ebaac8 elementor-widget elementor-widget-text-editor\" data-id=\"6ebaac8\" data-element_type=\"widget\" data-widget_type=\"text-editor.default\">\n<div class=\"elementor-widget-container\">\n<div class=\"elementor-text-editor elementor-clearfix\">\n<p>A Real Paulista realiza a coleta de dados pessoais somente quando estes s\u00e3o fornecidos diretamente pelo Usu\u00e1rio, ou quando necess\u00e1rios para a execu\u00e7\u00e3o de atividades de interesse leg\u00edtimo da empresa.<\/p>\n<p>Somente se utiliza os dados necess\u00e1rios para cada opera\u00e7\u00e3o espec\u00edfica realizada pelos Usu\u00e1rios, conforme abaixo listado:<\/p>\n<p>Durante o cadastro:<\/p>\n<ul>\n<li>Nome completo;<\/li>\n<li>N\u00famero de CPF;<\/li>\n<li>Endere\u00e7o de e-mail;<\/li>\n<li>N\u00famero de telefone celular;<\/li>\n<li>Data de Nascimento;<\/li>\n<li>Dados referentes aos seus endere\u00e7os.<\/li>\n<li>N\u00famero de WhatsApp.<\/li>\n<\/ul>\n<p>Durante a navega\u00e7\u00e3o no site:<\/p>\n<ul>\n<li>Endere\u00e7o IP;<\/li>\n<li>Informa\u00e7\u00f5es sobre o dispositivo utilizado para a navega\u00e7\u00e3o;<\/li>\n<li>\u00a0Produtos e categorias pesquisados ou visualizados;<\/li>\n<li>\u00a0P\u00e1ginas visitadas em outros sites;<\/li>\n<li>\u00a0Informa\u00e7\u00f5es de login social, caso o usu\u00e1rio realize seu cadastro por meio de uma conta em rede social, como Facebook e Google, e autorize essa coleta;<\/li>\n<li>\u00a0Informa\u00e7\u00f5es sobre o Usu\u00e1rio que se tornaram p\u00fablicas por ele ou que estejam dispon\u00edveis<\/li>\n<\/ul>\n<p>&nbsp;<\/p>\n<\/div>\n<\/div>\n<\/div>\n<div class=\"elementor-element elementor-element-0be9f5e elementor-widget elementor-widget-heading\" data-id=\"0be9f5e\" data-element_type=\"widget\" data-widget_type=\"heading.default\">\n<div class=\"elementor-widget-container\">\n<h2 class=\"elementor-heading-title elementor-size-default\">2) Como s\u00e3o utilizados, coletados e armazenados os dados pessoais do Usu\u00e1rio<\/h2>\n<\/div>\n<\/div>\n<div class=\"elementor-element elementor-element-b777683 elementor-widget elementor-widget-text-editor\" data-id=\"b777683\" data-element_type=\"widget\" data-widget_type=\"text-editor.default\">\n<div class=\"elementor-widget-container\">\n<div class=\"elementor-text-editor elementor-clearfix\">\n<p>A Real Paulista utiliza e mant\u00e9m os dados do Usu\u00e1rio pelo per\u00edodo necess\u00e1rio para que possa atingir a (s) finalidade (s) especificada (s) nessa pol\u00edtica.<\/p>\n<p>O Usu\u00e1rio poder\u00e1 revogar o consentimento de recebimento das ofertas promocionais e marketing a qualquer momento.<\/p>\n<p>As finalidades e as raz\u00f5es para o tratamento dos dados pessoais est\u00e3o detalhadas abaixo:<\/p>\n<ul>\n<li>Para realizar o atendimento de solicita\u00e7\u00f5es;<\/li>\n<li>Para identificar corretamente o usu\u00e1rio;<\/li>\n<li>Para enviar os produtos adquiridos ou comunica\u00e7\u00f5es de ofertas;<\/li>\n<li>Para entrar em contato com o Usu\u00e1rio quando necess\u00e1rio, sendo que este contato pode contemplar diversos<br \/>\nassuntos, como: comunica\u00e7\u00e3o sobre promo\u00e7\u00f5es e ofertas, respostas a d\u00favidas, respostas de reclama\u00e7\u00f5es e solicita\u00e7\u00f5es, atualiza\u00e7\u00f5es dos pedidos realizados e informa\u00e7\u00f5es de entrega;<\/li>\n<li>Para consultar as informa\u00e7\u00f5es do Usu\u00e1rio nas bases de dados de ag\u00eancias de cr\u00e9dito;<\/li>\n<li>Ocasionalmente, ser\u00e3o enviadas informa\u00e7\u00f5es de marketing em que \u00e9 avaliado o que pode ser ben\u00e9fico para o usu\u00e1rio, como consumidor da Real Paulista. Tais informa\u00e7\u00f5es n\u00e3o ser\u00e3o intrusivas e s\u00e3o tratadas com base nos interesses leg\u00edtimos da empresa e dos usu\u00e1rios. Entretanto, estas informa\u00e7\u00f5es enviadas tamb\u00e9m poder\u00e3o ser suspensas, em caso de desinteresse do usu\u00e1rio em receb\u00ea-las.<\/li>\n<li>Quando os dados s\u00e3o armazenados, eles s\u00e3o protegidos dentro dos meios comercialmente aceit\u00e1veis para evitar perdas e roubos, bem como acesso, divulga\u00e7\u00e3o, c\u00f3pia, uso ou modifica\u00e7\u00e3o n\u00e3o autorizados.<\/li>\n<\/ul>\n<p>Os dados pessoais s\u00e3o protegidos contra o acesso n\u00e3o autorizado ou divulga\u00e7\u00e3o ilegal, no seu processamento, bem<br \/>\ncomo contra a perda acidental, modifica\u00e7\u00e3o ou destrui\u00e7\u00e3o.<\/p>\n<p>&nbsp;<\/p>\n<\/div>\n<\/div>\n<\/div>\n<div class=\"elementor-element elementor-element-9b80f24 elementor-widget elementor-widget-heading\" data-id=\"9b80f24\" data-element_type=\"widget\" data-widget_type=\"heading.default\">\n<div class=\"elementor-widget-container\">\n<h2 class=\"elementor-heading-title elementor-size-default\">3) Direito dos Titulares em Rela\u00e7\u00e3o aos Dados Pessoais<\/h2>\n<\/div>\n<\/div>\n<div class=\"elementor-element elementor-element-7d4d56a elementor-widget elementor-widget-text-editor\" data-id=\"7d4d56a\" data-element_type=\"widget\" data-widget_type=\"text-editor.default\">\n<div class=\"elementor-widget-container\">\n<div class=\"elementor-text-editor elementor-clearfix\">\n<p>O titular do dado pessoal possui os seguintes direitos em rela\u00e7\u00e3o aos seus dados:<\/p>\n<ul>\n<li>\u00a0Confirma\u00e7\u00e3o \u2013 confirma\u00e7\u00e3o da exist\u00eancia de tratamento dos dados mantidos pela Real Paulista;<\/li>\n<li>\u00a0Acesso \u2013 acesso aos dados coletados pela Real Paulista, com exce\u00e7\u00e3o aos casos de prote\u00e7\u00e3o de segredo comercial e industrial;<\/li>\n<li>\u00a0Corre\u00e7\u00e3o \u2013 solicita\u00e7\u00e3o da corre\u00e7\u00e3o dos dados que contenham informa\u00e7\u00f5es incompletas, desatualizadas ou err\u00f4neas;<\/li>\n<li>\u00a0Restri\u00e7\u00e3o \u2013 anonimiza\u00e7\u00e3o e bloqueio dos dados desnecess\u00e1rios, excessivos ou tratados em desconformidade com o disposto na legisla\u00e7\u00e3o aplic\u00e1vel;<\/li>\n<li>\u00a0Revoga\u00e7\u00e3o \u2013 revoga\u00e7\u00e3o do consentimento dado, a qualquer momento, mediante requerimento expresso do titular;<\/li>\n<li>\u00a0Elimina\u00e7\u00e3o \u2013 elimina\u00e7\u00e3o dos dados ao t\u00e9rmino de sua finalidade ou no caso da manifesta\u00e7\u00e3o do desejo de revoga\u00e7\u00e3o de seu consentimento para a realiza\u00e7\u00e3o daquele tratamento espec\u00edfico.<\/li>\n<\/ul>\n<p>&nbsp;<\/p>\n<\/div>\n<\/div>\n<\/div>\n<div class=\"elementor-element elementor-element-24e5bae elementor-widget elementor-widget-heading\" data-id=\"24e5bae\" data-element_type=\"widget\" data-widget_type=\"heading.default\">\n<div class=\"elementor-widget-container\">\n<h2 class=\"elementor-heading-title elementor-size-default\">4) Armazenamento de dados pessoais<\/h2>\n<\/div>\n<\/div>\n<div class=\"elementor-element elementor-element-1dde921 elementor-widget elementor-widget-text-editor\" data-id=\"1dde921\" data-element_type=\"widget\" data-widget_type=\"text-editor.default\">\n<div class=\"elementor-widget-container\">\n<div class=\"elementor-text-editor elementor-clearfix\">\n<p>Alguns dos dados pessoais do usu\u00e1rio poder\u00e3o ser transferidos para outros pa\u00edses, por exemplo, quando for utilizado servi\u00e7os computacionais em nuvem para processamento ou armazenamento de dados localizados fora do Brasil.<\/p>\n<p>&nbsp;<\/p>\n<\/div>\n<\/div>\n<\/div>\n<div class=\"elementor-element elementor-element-29e9422 elementor-widget elementor-widget-heading\" data-id=\"29e9422\" data-element_type=\"widget\" data-widget_type=\"heading.default\">\n<div class=\"elementor-widget-container\">\n<h2 class=\"elementor-heading-title elementor-size-default\">5) Consequ\u00eancias do n\u00e3o fornecimento dos dados<\/h2>\n<\/div>\n<\/div>\n<div class=\"elementor-element elementor-element-678d2ca elementor-widget elementor-widget-text-editor\" data-id=\"678d2ca\" data-element_type=\"widget\" data-widget_type=\"text-editor.default\">\n<div class=\"elementor-widget-container\">\n<div class=\"elementor-text-editor elementor-clearfix\">\n<p>O Usu\u00e1rio n\u00e3o \u00e9 obrigado a fornecer seus dados pessoais para a empresa. No entanto, por serem necess\u00e1rios para os fornecimentos dos servi\u00e7os\/entrega dos produtos\/interesses leg\u00edtimos adquiridos com a empresa, a Real Paulista n\u00e3o ser\u00e1 capaz de oferecer alguns\/todos os seus servi\u00e7os, caso o Usu\u00e1rio opte pelo n\u00e3o fornecimento de algum\/todos os seus dados pessoais.<\/p>\n<p>&nbsp;<\/p>\n<\/div>\n<\/div>\n<\/div>\n<div class=\"elementor-element elementor-element-934f97b elementor-widget elementor-widget-heading\" data-id=\"934f97b\" data-element_type=\"widget\" data-widget_type=\"heading.default\">\n<div class=\"elementor-widget-container\">\n<h2 class=\"elementor-heading-title elementor-size-default\">6) Pol\u00edtica de Cookies<\/h2>\n<\/div>\n<\/div>\n<div class=\"elementor-element elementor-element-7d8d5d1 elementor-widget elementor-widget-text-editor\" data-id=\"7d8d5d1\" data-element_type=\"widget\" data-widget_type=\"text-editor.default\">\n<div class=\"elementor-widget-container\">\n<div class=\"elementor-text-editor elementor-clearfix\">\n<p><strong>O que s\u00e3o cookies?<\/strong><\/p>\n<p>S\u00e3o pequenos arquivos armazenados pelo navegador, cuja fun\u00e7\u00e3o \u00e9 guardar informa\u00e7\u00f5es sobre o visitante, seja para personalizar a p\u00e1gina de acordo como perfil ou para facilitar transporte de dados entre as p\u00e1ginas de um mesmo site.<\/p>\n<p><strong>Tipos de cookies<\/strong><\/p>\n<p>Cookies de prefer\u00eancias: s\u00e3o aqueles que coletam informa\u00e7\u00f5es sobre as escolhas e prefer\u00eancias do titular dos dados pessoais, permitindo que a p\u00e1gina lembre as configura\u00e7\u00f5es e possa personalizar algumas informa\u00e7\u00f5es. Cookies anal\u00edticos: recolhem informa\u00e7\u00f5es sobre a utiliza\u00e7\u00e3o do site, permitindo melhorar seu funcionamento. Por exemplo, os cookies anal\u00edticos mostram quais s\u00e3o as p\u00e1ginas mais visitadas no site e ajudam a registar quaisquer dificuldades que os usu\u00e1rios sintam na navega\u00e7\u00e3o.<br \/>\nCookies de marketing: s\u00e3o cookies de publicidade utilizados para fins de marketing. Cookies essenciais: necess\u00e1rios para que o site funcione, permitindo navegar e utilizar as suas funcionalidades. Sem eles, o site n\u00e3o funcionaria da forma desejada e o Titular dos Dados n\u00e3o poderia utilizar alguns servi\u00e7os ou recursos.<\/p>\n<p>&nbsp;<\/p>\n<\/div>\n<\/div>\n<\/div>\n<div class=\"elementor-element elementor-element-2491619 elementor-widget elementor-widget-heading\" data-id=\"2491619\" data-element_type=\"widget\" data-widget_type=\"heading.default\">\n<div class=\"elementor-widget-container\">\n<h2 class=\"elementor-heading-title elementor-size-default\">7) Desativar cookies<\/h2>\n<\/div>\n<\/div>\n<div class=\"elementor-element elementor-element-66697c7 elementor-widget elementor-widget-text-editor\" data-id=\"66697c7\" data-element_type=\"widget\" data-widget_type=\"text-editor.default\">\n<div class=\"elementor-widget-container\">\n<div class=\"elementor-text-editor elementor-clearfix\">\n<p>O usu\u00e1rio poder\u00e1 impedir a configura\u00e7\u00e3o de cookies ajustando as configura\u00e7\u00f5es do seu navegador. A desativa\u00e7\u00e3o de cookies geralmente resultar\u00e1 na desativa\u00e7\u00e3o de determinadas funcionalidades e recursos deste site.<\/p>\n<p>&nbsp;<\/p>\n<\/div>\n<\/div>\n<\/div>\n<div class=\"elementor-element elementor-element-250b40c elementor-widget elementor-widget-heading\" data-id=\"250b40c\" data-element_type=\"widget\" data-widget_type=\"heading.default\">\n<div class=\"elementor-widget-container\">\n<h2 class=\"elementor-heading-title elementor-size-default\">8) Mudan\u00e7as em nossa pol\u00edtica de privacidade<\/h2>\n<\/div>\n<\/div>\n<div class=\"elementor-element elementor-element-fcda277 elementor-widget elementor-widget-text-editor\" data-id=\"fcda277\" data-element_type=\"widget\" data-widget_type=\"text-editor.default\">\n<div class=\"elementor-widget-container\">\n<div class=\"elementor-text-editor elementor-clearfix\">\n<p>A Real Paulista mant\u00e9m sua privacidade sob an\u00e1lise regular e disponibiliza qualquer atualiza\u00e7\u00e3o nesta p\u00e1gina da WEB.<\/p>\n<p>&nbsp;<\/p>\n<\/div>\n<\/div>\n<\/div>\n<div class=\"elementor-element elementor-element-e20dd07 elementor-widget elementor-widget-heading\" data-id=\"e20dd07\" data-element_type=\"widget\" data-widget_type=\"heading.default\">\n<div class=\"elementor-widget-container\">\n<h2 class=\"elementor-heading-title elementor-size-default\">9) Como entrar em contato conosco:<\/h2>\n<\/div>\n<\/div>\n<div class=\"elementor-element elementor-element-f1f275d elementor-widget elementor-widget-text-editor\" data-id=\"f1f275d\" data-element_type=\"widget\" data-widget_type=\"text-editor.default\">\n<div class=\"elementor-widget-container\">\n<div class=\"elementor-text-editor elementor-clearfix\">\n<p>Se tiver qualquer d\u00favida, coment\u00e1rio ou reclama\u00e7\u00e3o sobre nossa Pol\u00edtica de prote\u00e7\u00e3o de dados entre em contato:<\/p>\n<p>Encarregado pelo tratamento de dados pessoais \u2013 lgpd@realonibus.com.br<\/p>\n<p>&nbsp;<\/p>\n<\/div>\n<\/div>\n<\/div>\n<div class=\"elementor-element elementor-element-7a876ed elementor-widget elementor-widget-heading\" data-id=\"7a876ed\" data-element_type=\"widget\" data-widget_type=\"heading.default\">\n<div class=\"elementor-widget-container\">\n<h2 class=\"elementor-heading-title elementor-size-default\">TERMO DE CONSENTIMENTO<\/h2>\n<\/div>\n<\/div>\n<div class=\"elementor-element elementor-element-ba28566 elementor-widget elementor-widget-text-editor\" data-id=\"ba28566\" data-element_type=\"widget\" data-widget_type=\"text-editor.default\">\n<div class=\"elementor-widget-container\">\n<div class=\"elementor-text-editor elementor-clearfix\">\n<p>Seus dados pessoais ser\u00e3o tratados de acordo com o nossa Pol\u00edtica de Privacidade, ao o continuar navegando, voc\u00ea concorda com a nossa pol\u00edtica de Privacidade.<\/p>\n<\/div>\n<\/div>\n<\/div>\n<p>[\/vc_column_text][vc_column_text css=&#8221;.vc_custom_1644254910978{margin-top: 50px !important;}&#8221;]<\/p>\n<p style=\"text-align: right;\"><em>\u00daltima atualiza\u00e7\u00e3o: 31 de agosto de 2021<\/em><\/p>\n<p>[\/vc_column_text][\/vc_column][\/vc_row]<\/p>\n","protected":false},"excerpt":{"rendered":"<p>[vc_row css=&#8221;.vc_custom_1644254777330{margin-bottom: 100px !important;}&#8221;][vc_column][vc_column_text] Pol\u00edtica de Privacidade Real Paulista A Real Paulista tem o compromisso com a privacidade e a seguran\u00e7a de seus clientes, colaboradores e terceiros interessados durante todo o processo de navega\u00e7\u00e3o. Foi desenvolvida, portanto, a presente Pol\u00edtica de Privacidade com base na Lei Geral de Prote\u00e7\u00e3o de Dados (LGPD), a fim de [&hellip;]<\/p>\n","protected":false},"author":1,"featured_media":0,"parent":0,"menu_order":0,"comment_status":"closed","ping_status":"closed","template":"page-templates\/template-fullwidth.php","meta":[],"_links":{"self":[{"href":"https:\/\/www.realpaulista.com.br\/index.php?rest_route=\/wp\/v2\/pages\/1246"}],"collection":[{"href":"https:\/\/www.realpaulista.com.br\/index.php?rest_route=\/wp\/v2\/pages"}],"about":[{"href":"https:\/\/www.realpaulista.com.br\/index.php?rest_route=\/wp\/v2\/types\/page"}],"author":[{"embeddable":true,"href":"https:\/\/www.realpaulista.com.br\/index.php?rest_route=\/wp\/v2\/users\/1"}],"replies":[{"embeddable":true,"href":"https:\/\/www.realpaulista.com.br\/index.php?rest_route=%2Fwp%2Fv2%2Fcomments&post=1246"}],"version-history":[{"count":12,"href":"https:\/\/www.realpaulista.com.br\/index.php?rest_route=\/wp\/v2\/pages\/1246\/revisions"}],"predecessor-version":[{"id":1259,"href":"https:\/\/www.realpaulista.com.br\/index.php?rest_route=\/wp\/v2\/pages\/1246\/revisions\/1259"}],"wp:attachment":[{"href":"https:\/\/www.realpaulista.com.br\/index.php?rest_route=%2Fwp%2Fv2%2Fmedia&parent=1246"}],"curies":[{"name":"wp","href":"https:\/\/api.w.org\/{rel}","templated":true}]}}