{"id":104,"date":"2018-07-31T08:45:49","date_gmt":"2018-07-31T08:45:49","guid":{"rendered":"http:\/\/localhost\/autoser\/?page_id=104"},"modified":"2021-04-16T14:43:16","modified_gmt":"2021-04-16T17:43:16","slug":"about-company","status":"publish","type":"page","link":"https:\/\/www.realpaulista.com.br\/?page_id=104","title":{"rendered":"A REAL PAULISTA"},"content":{"rendered":"<p>[vc_row css=&#8221;.vc_custom_1533026886962{padding-top: 80px !important;padding-bottom: 70px !important;}&#8221;][vc_column]\n    <div class=\"wprt-headings style-1 clearfix text-center \">\n        <h2 class=\"heading \" >QUEM SOMOS<\/h2>\n                    <div class=\"sep clearfix\"><\/div>\n        \n                    <div class=\"sub-heading clearfix\"><p>A Real Paulista comercializa pe\u00e7as para todas as marcas e modelos de carrocerias de \u00f4nibus tendo em seu estoque aproximadamente 30.000 itens e 200 fornecedores que atendem com excel\u00eancia<br \/>\ndemandas do setor.<\/p>\n<\/div>\n            <\/div>\n        \n[vc_empty_space height=&#8221;45px&#8221;][\/vc_column][vc_column offset=&#8221;vc_col-md-6&#8243;]    \n    <div class=\"wprt-images-grid \" data-layout=\"slider\" data-column=\"1\" data-column2=\"1\" data-column3=\"1\" data-column4=\"1\" data-gaph=\"0\" data-gapv=\"0\">\n        <div id=\"images-wrap\" class=\"cbp\">\n                            <div class=\"cbp-item\">\n                    <div class=\"item-wrap\">\n                        <a class=\"zoom-popup\" href=\"https:\/\/www.realpaulista.com.br\/wp-content\/uploads\/2021\/02\/FOTOS-CARROSSEL-REAL-PAULISTA-1.jpg\"><i class=\"rt-icon-zoom-in-2\"><\/i><\/a>\n                        <img src=\"https:\/\/www.realpaulista.com.br\/wp-content\/uploads\/2021\/02\/FOTOS-CARROSSEL-REAL-PAULISTA-1.jpg\" alt=\"\" \/>\n                    <\/div>\n                <\/div>\n                            <div class=\"cbp-item\">\n                    <div class=\"item-wrap\">\n                        <a class=\"zoom-popup\" href=\"https:\/\/www.realpaulista.com.br\/wp-content\/uploads\/2021\/02\/FOTOS-CARROSSEL-REAL-PAULISTA2-1.jpg\"><i class=\"rt-icon-zoom-in-2\"><\/i><\/a>\n                        <img src=\"https:\/\/www.realpaulista.com.br\/wp-content\/uploads\/2021\/02\/FOTOS-CARROSSEL-REAL-PAULISTA2-1.jpg\" alt=\"\" \/>\n                    <\/div>\n                <\/div>\n                            <div class=\"cbp-item\">\n                    <div class=\"item-wrap\">\n                        <a class=\"zoom-popup\" href=\"https:\/\/www.realpaulista.com.br\/wp-content\/uploads\/2021\/02\/FOTOS-CARROSSEL-REAL-PAULISTA9-1.jpg\"><i class=\"rt-icon-zoom-in-2\"><\/i><\/a>\n                        <img src=\"https:\/\/www.realpaulista.com.br\/wp-content\/uploads\/2021\/02\/FOTOS-CARROSSEL-REAL-PAULISTA9-1.jpg\" alt=\"\" \/>\n                    <\/div>\n                <\/div>\n                            <div class=\"cbp-item\">\n                    <div class=\"item-wrap\">\n                        <a class=\"zoom-popup\" href=\"https:\/\/www.realpaulista.com.br\/wp-content\/uploads\/2021\/02\/FOTOS-CARROSSEL-REAL-PAULISTA3-1.jpg\"><i class=\"rt-icon-zoom-in-2\"><\/i><\/a>\n                        <img src=\"https:\/\/www.realpaulista.com.br\/wp-content\/uploads\/2021\/02\/FOTOS-CARROSSEL-REAL-PAULISTA3-1.jpg\" alt=\"\" \/>\n                    <\/div>\n                <\/div>\n                            <div class=\"cbp-item\">\n                    <div class=\"item-wrap\">\n                        <a class=\"zoom-popup\" href=\"https:\/\/www.realpaulista.com.br\/wp-content\/uploads\/2021\/02\/FOTOS-CARROSSEL-REAL-PAULISTA4-1.jpg\"><i class=\"rt-icon-zoom-in-2\"><\/i><\/a>\n                        <img src=\"https:\/\/www.realpaulista.com.br\/wp-content\/uploads\/2021\/02\/FOTOS-CARROSSEL-REAL-PAULISTA4-1.jpg\" alt=\"\" \/>\n                    <\/div>\n                <\/div>\n                            <div class=\"cbp-item\">\n                    <div class=\"item-wrap\">\n                        <a class=\"zoom-popup\" href=\"https:\/\/www.realpaulista.com.br\/wp-content\/uploads\/2021\/02\/FOTOS-CARROSSEL-REAL-PAULISTA5-1.jpg\"><i class=\"rt-icon-zoom-in-2\"><\/i><\/a>\n                        <img src=\"https:\/\/www.realpaulista.com.br\/wp-content\/uploads\/2021\/02\/FOTOS-CARROSSEL-REAL-PAULISTA5-1.jpg\" alt=\"\" \/>\n                    <\/div>\n                <\/div>\n                            <div class=\"cbp-item\">\n                    <div class=\"item-wrap\">\n                        <a class=\"zoom-popup\" href=\"https:\/\/www.realpaulista.com.br\/wp-content\/uploads\/2021\/02\/FOTOS-CARROSSEL-REAL-PAULISTA6-1.jpg\"><i class=\"rt-icon-zoom-in-2\"><\/i><\/a>\n                        <img src=\"https:\/\/www.realpaulista.com.br\/wp-content\/uploads\/2021\/02\/FOTOS-CARROSSEL-REAL-PAULISTA6-1.jpg\" alt=\"\" \/>\n                    <\/div>\n                <\/div>\n                            <div class=\"cbp-item\">\n                    <div class=\"item-wrap\">\n                        <a class=\"zoom-popup\" href=\"https:\/\/www.realpaulista.com.br\/wp-content\/uploads\/2021\/02\/FOTOS-CARROSSEL-REAL-PAULISTA7-1.jpg\"><i class=\"rt-icon-zoom-in-2\"><\/i><\/a>\n                        <img src=\"https:\/\/www.realpaulista.com.br\/wp-content\/uploads\/2021\/02\/FOTOS-CARROSSEL-REAL-PAULISTA7-1.jpg\" alt=\"\" \/>\n                    <\/div>\n                <\/div>\n                            <div class=\"cbp-item\">\n                    <div class=\"item-wrap\">\n                        <a class=\"zoom-popup\" href=\"https:\/\/www.realpaulista.com.br\/wp-content\/uploads\/2021\/02\/FOTOS-CARROSSEL-REAL-PAULISTA8-1.jpg\"><i class=\"rt-icon-zoom-in-2\"><\/i><\/a>\n                        <img src=\"https:\/\/www.realpaulista.com.br\/wp-content\/uploads\/2021\/02\/FOTOS-CARROSSEL-REAL-PAULISTA8-1.jpg\" alt=\"\" \/>\n                    <\/div>\n                <\/div>\n                    <\/div>\n    <\/div>\n\n[vc_column_text]<\/p>\n<div class=\"wprt-spacer clearfix\" style=\"height: 0px;\" data-desktop=\"0\" data-mobi=\"35\" data-smobi=\"35\"><\/div>\n<p>[\/vc_column_text][\/vc_column][vc_column offset=&#8221;vc_col-md-6&#8243;]\n    <div class=\"wprt-accordions style-2 \">\n                <div class=\"accordion-item no-icon active\">\n            <h3 class=\"accordion-heading\">\n                <span class=\"inner\">MISS\u00c3O, VIS\u00c3O E VALORES<\/span>\n            <\/h3>\n            <div class=\"accordion-content\">\n                O empreendedor tem como miss\u00e3o a plena satisfa\u00e7\u00e3o de seus clientes e respeito ao meio ambiente, proposta pelo desenvolvimento da qualidade de vida de seus colaboradores. O respeito e a valoriza\u00e7\u00e3o do ser humano representam a base de sustenta\u00e7\u00e3o de seus valores. A satisfa\u00e7\u00e3o dos clientes \u00e9 a raz\u00e3o do seu sucesso, medida por esfor\u00e7os direcionados para identificar o que \u00e9 percebido como de valor pelos clientes, estabelecendo todas e quaisquer a\u00e7\u00f5es capazes de transformar esses valores em realidades lucrativas rec\u00edprocas, respaldadas em relacionamentos de longo prazo.\n            <\/div>\n        <\/div>\n                <div class=\"accordion-item no-icon \">\n            <h3 class=\"accordion-heading\">\n                <span class=\"inner\">MISS\u00c3O<\/span>\n            <\/h3>\n            <div class=\"accordion-content\">\n                Atender ao mercado de pe\u00e7as e acess\u00f3rios para carrocerias de \u00f4nibus \nde diversas marcas e modelos, nos segmentos urbano e rodovi\u00e1rio, oferecendo um atendimento diferenciado atrav\u00e9s de entrega r\u00e1pida e segura.            <\/div>\n        <\/div>\n                <div class=\"accordion-item no-icon \">\n            <h3 class=\"accordion-heading\">\n                <span class=\"inner\">VIS\u00c3O<\/span>\n            <\/h3>\n            <div class=\"accordion-content\">\n                Ser a empresa l\u00edder no segmento oferecendo uma linha completa de pe\u00e7as para carrocerias de \u00f4nibus, visando oferecer vantagens diferenciadas aos clientes, com efici\u00eancia e efic\u00e1cia na entrega, atrav\u00e9s de uma equipe altamente qualificada e treinada. Pautando sempre na valoriza\u00e7\u00e3o do ser humano e estruturada na gest\u00e3o do respeito a sociedade e ao meio ambiente.            <\/div>\n        <\/div>\n                <div class=\"accordion-item no-icon \">\n            <h3 class=\"accordion-heading\">\n                <span class=\"inner\">VALORES<\/span>\n            <\/h3>\n            <div class=\"accordion-content\">\n                <div class=\"wprt-list clearfix icon-left icon-top style-2\">\n<div class=\"inner\">\n<span class=\"icon-wrap\">\n<span class=\"icon\"><i class=\"fa fa-check-square-o text-accent-color\"><\/i><\/span>\n<span class=\"text font-size-15\">Comunica\u00e7\u00e3o<\/span>\n<\/span>\n<\/div>\n<\/div>\n\n<div class=\"wprt-list clearfix icon-left icon-top style-2\">\n<div class=\"inner\">\n<span class=\"icon-wrap\">\n<span class=\"icon\"><i class=\"fa fa-check-square-o text-accent-color\"><\/i><\/span>\n<span class=\"text font-size-15\">Orienta\u00e7\u00e3o voltada para o Cliente<\/span>\n<\/span>\n<\/div>\n<\/div>\n\n<div class=\"wprt-list clearfix icon-left icon-top style-2\">\n<div class=\"inner\">\n<span class=\"icon-wrap\">\n<span class=\"icon\"><i class=\"fa fa-check-square-o text-accent-color\"><\/i><\/span>\n<span class=\"text font-size-15\">Foco em Resultados<\/span>\n<\/span>\n<\/div>\n<\/div>\n\n<div class=\"wprt-list clearfix icon-left icon-top style-2\">\n<div class=\"inner\">\n<span class=\"icon-wrap\">\n<span class=\"icon\"><i class=\"fa fa-check-square-o text-accent-color\"><\/i><\/span>\n<span class=\"text font-size-15\">\u00c9tica<\/span>\n<\/span>\n<\/div>\n<\/div>\n\n<div class=\"wprt-list clearfix icon-left icon-top style-2\">\n<div class=\"inner\">\n<span class=\"icon-wrap\">\n<span class=\"icon\"><i class=\"fa fa-check-square-o text-accent-color\"><\/i><\/span>\n<span class=\"text font-size-15\">Organiza\u00e7\u00e3o<\/span>\n<\/span>\n<\/div>\n<\/div>\n\n<div class=\"wprt-list clearfix icon-left icon-top style-2\">\n<div class=\"inner\">\n<span class=\"icon-wrap\">\n<span class=\"icon\"><i class=\"fa fa-check-square-o text-accent-color\"><\/i><\/span>\n<span class=\"text font-size-15\">Relacionamento<\/span>\n<\/span>\n<\/div>\n<\/div>            <\/div>\n        <\/div>\n            <\/div>\n        \n[\/vc_column][\/vc_row][vc_row el_class=&#8221;bg-accent&#8221;][vc_column]\n    <div class=\"wprt-action-box style-1 has-icon \">\n        <div class=\"inner\">\n            <div class=\"heading-wrap\">\n                <div class=\"text-wrap\">\n                    <h3 class=\"heading\">Acesse todos os nossos produtos de forma f\u00e1cil e r\u00e1pida!<\/h3>\n                    <span class=\"icon\"><i class=\"far fa-file-pdf\"><\/i><\/span> \n                <\/div>\n            <\/div>\n            <div class=\"button-wrap\">\n                <a class=\"wprt-button white rounded-3px\" href=\"https:\/\/www.realpaulista.com.br\/?page_id=916\" target=\"_self\">BAIXE O CAT\u00c1LOGO<\/a>            <\/div>\n        <\/div>\n    <\/div>\n\n[\/vc_column][\/vc_row]<\/p>\n","protected":false},"excerpt":{"rendered":"<p>[vc_row css=&#8221;.vc_custom_1533026886962{padding-top: 80px !important;padding-bottom: 70px !important;}&#8221;][vc_column][vc_empty_space height=&#8221;45px&#8221;][\/vc_column][vc_column offset=&#8221;vc_col-md-6&#8243;][vc_column_text] [\/vc_column_text][\/vc_column][vc_column offset=&#8221;vc_col-md-6&#8243;][\/vc_column][\/vc_row][vc_row el_class=&#8221;bg-accent&#8221;][vc_column][\/vc_column][\/vc_row]<\/p>\n","protected":false},"author":1,"featured_media":0,"parent":0,"menu_order":0,"comment_status":"closed","ping_status":"closed","template":"page-templates\/template-fullwidth.php","meta":[],"_links":{"self":[{"href":"https:\/\/www.realpaulista.com.br\/index.php?rest_route=\/wp\/v2\/pages\/104"}],"collection":[{"href":"https:\/\/www.realpaulista.com.br\/index.php?rest_route=\/wp\/v2\/pages"}],"about":[{"href":"https:\/\/www.realpaulista.com.br\/index.php?rest_route=\/wp\/v2\/types\/page"}],"author":[{"embeddable":true,"href":"https:\/\/www.realpaulista.com.br\/index.php?rest_route=\/wp\/v2\/users\/1"}],"replies":[{"embeddable":true,"href":"https:\/\/www.realpaulista.com.br\/index.php?rest_route=%2Fwp%2Fv2%2Fcomments&post=104"}],"version-history":[{"count":14,"href":"https:\/\/www.realpaulista.com.br\/index.php?rest_route=\/wp\/v2\/pages\/104\/revisions"}],"predecessor-version":[{"id":1063,"href":"https:\/\/www.realpaulista.com.br\/index.php?rest_route=\/wp\/v2\/pages\/104\/revisions\/1063"}],"wp:attachment":[{"href":"https:\/\/www.realpaulista.com.br\/index.php?rest_route=%2Fwp%2Fv2%2Fmedia&parent=104"}],"curies":[{"name":"wp","href":"https:\/\/api.w.org\/{rel}","templated":true}]}}